{"id":6,"date":"2025-11-21T03:34:51","date_gmt":"2025-11-21T03:34:51","guid":{"rendered":"https:\/\/asbmx.com\/?page_id=6"},"modified":"2025-12-04T03:17:14","modified_gmt":"2025-12-04T03:17:14","slug":"armor-studio-blindaje","status":"publish","type":"page","link":"https:\/\/asbmx.com\/","title":{"rendered":"QUIENES SOMOS"},"content":{"rendered":"\n<div class=\"wp-block-group alignfull is-layout-constrained wp-container-core-group-is-layout-0c9c989a wp-block-group-is-layout-constrained\" style=\"min-height:0vh;margin-top:0;margin-bottom:0;padding-top:var(--wp--preset--spacing--70);padding-right:var(--wp--preset--spacing--40);padding-bottom:var(--wp--preset--spacing--70);padding-left:var(--wp--preset--spacing--40)\">\n<div class=\"wp-block-group is-layout-constrained wp-container-core-group-is-layout-346627ba wp-block-group-is-layout-constrained\">\n<h2 class=\"wp-block-heading has-text-align-center has-xx-large-font-size\" style=\"margin-right:0;margin-left:0;padding-right:0;padding-left:0\"><\/h2>\n\n\n\n<div class=\"wp-block-group is-layout-constrained wp-block-group-is-layout-constrained\">\n<p class=\"has-text-align-center\">     Es un grupo Automotriz Mexicano, especializado en el  mercado<br>     de blindaje de Autom\u00f3viles, con una amplia trayectoria.<\/p>\n\n\n\n<p class=\"has-text-align-center\"><\/p>\n\n\n\n<p class=\"has-text-align-center\">           Contamos con 25 a\u00f1os de experiencia en el ramo automotriz,<br>ofreciendo una amplia gama de productos y servicios especializados en todas las marcas.<\/p>\n<\/div>\n<\/div>\n<\/div>\n\n\n\n<div class=\"wp-block-group alignfull is-style-section-1 is-layout-constrained wp-block-group-is-layout-constrained\" style=\"margin-top:0;margin-bottom:0;padding-top:var(--wp--preset--spacing--80);padding-bottom:var(--wp--preset--spacing--80)\">\n<div class=\"wp-block-columns alignwide is-layout-flex wp-container-core-columns-is-layout-66fad18a wp-block-columns-is-layout-flex\">\n<div class=\"wp-block-column is-layout-flow wp-block-column-is-layout-flow\" style=\"padding-right:var(--wp--preset--spacing--50);flex-basis:45%\">\n<div class=\"wp-block-columns is-layout-flex wp-container-core-columns-is-layout-28f84493 wp-block-columns-is-layout-flex\">\n<div class=\"wp-block-column is-layout-flow wp-block-column-is-layout-flow\" style=\"flex-basis:100%\">\n<figure class=\"wp-block-gallery has-nested-images columns-default is-cropped wp-block-gallery-2 is-layout-flex wp-block-gallery-is-layout-flex\">\n<figure class=\"wp-block-image size-full wp-duotone-unset-1\"><img loading=\"lazy\" decoding=\"async\" width=\"512\" height=\"512\" data-id=\"63\" src=\"https:\/\/asbmx.com\/wp-content\/uploads\/2025\/12\/cropped-icono.jpg\" alt=\"\" class=\"wp-image-63\" srcset=\"https:\/\/asbmx.com\/wp-content\/uploads\/2025\/12\/cropped-icono.jpg 512w, https:\/\/asbmx.com\/wp-content\/uploads\/2025\/12\/cropped-icono-300x300.jpg 300w, https:\/\/asbmx.com\/wp-content\/uploads\/2025\/12\/cropped-icono-150x150.jpg 150w, https:\/\/asbmx.com\/wp-content\/uploads\/2025\/12\/cropped-icono-270x270.jpg 270w, https:\/\/asbmx.com\/wp-content\/uploads\/2025\/12\/cropped-icono-192x192.jpg 192w, https:\/\/asbmx.com\/wp-content\/uploads\/2025\/12\/cropped-icono-180x180.jpg 180w, https:\/\/asbmx.com\/wp-content\/uploads\/2025\/12\/cropped-icono-32x32.jpg 32w\" sizes=\"auto, (max-width: 512px) 100vw, 512px\" \/><\/figure>\n<\/figure>\n<\/div>\n<\/div>\n\n\n\n<div class=\"wp-block-group is-layout-constrained wp-block-group-is-layout-constrained\" style=\"margin-top:-12vw\"><\/div>\n<\/div>\n\n\n\n<div class=\"wp-block-column is-vertically-aligned-center is-layout-flow wp-block-column-is-layout-flow\" style=\"padding-right:0;padding-left:0;flex-basis:50%\">\n<div class=\"wp-block-group is-vertical is-layout-flex wp-container-core-group-is-layout-fe9cc265 wp-block-group-is-layout-flex\">\n<h1 class=\"wp-block-heading has-text-align-left is-style-text-annotation\">ARMOR STUDIO BLINDAJE<\/h1>\n<\/div>\n\n\n\n<p class=\"is-style-text-subtitle\">Brindamos soluciones eficientes y seguras en Blindaje y log\u00edstica en transporte federal, transportamos carga general, materiales y residuos peligrosos, cumpliendo con los m\u00e1s altos est\u00e1ndares de seguridad, normativas y sostenibilidad.<\/p>\n\n\n\n<p>Nuestros valores: SEGURIDAD, RESPONSABILIDAD, EFICIENCIA, COMPROMISO AMBIENTAL, INTEGRIDAD, INNOVACI\u00d3N Y TRABAJO EN EQUIPO.<\/p>\n<\/div>\n<\/div>\n<\/div>\n\n\n\n<div class=\"wp-block-group alignfull is-layout-constrained wp-container-core-group-is-layout-ebee8dc1 wp-block-group-is-layout-constrained\" style=\"margin-top:0;margin-bottom:0;padding-top:var(--wp--preset--spacing--50);padding-bottom:var(--wp--preset--spacing--50)\">\n<h2 class=\"wp-block-heading alignwide\">Nuestros servicios<\/h2>\n\n\n\n<div class=\"wp-block-columns alignwide is-layout-flex wp-container-core-columns-is-layout-28f84493 wp-block-columns-is-layout-flex\">\n<div class=\"wp-block-column is-layout-flow wp-block-column-is-layout-flow\">\n<figure class=\"wp-block-gallery has-nested-images columns-default is-cropped wp-block-gallery-3 is-layout-flex wp-block-gallery-is-layout-flex\">\n<figure class=\"wp-block-image size-full\" style=\"margin-bottom:24px\"><img loading=\"lazy\" decoding=\"async\" width=\"1440\" height=\"720\" data-id=\"76\" src=\"https:\/\/asbmx.com\/wp-content\/uploads\/2025\/12\/0-Portada-49.jpg\" alt=\"\" class=\"wp-image-76\" style=\"object-fit:cover\" srcset=\"https:\/\/asbmx.com\/wp-content\/uploads\/2025\/12\/0-Portada-49.jpg 1440w, https:\/\/asbmx.com\/wp-content\/uploads\/2025\/12\/0-Portada-49-300x150.jpg 300w, https:\/\/asbmx.com\/wp-content\/uploads\/2025\/12\/0-Portada-49-1024x512.jpg 1024w, https:\/\/asbmx.com\/wp-content\/uploads\/2025\/12\/0-Portada-49-768x384.jpg 768w\" sizes=\"auto, (max-width: 1440px) 100vw, 1440px\" \/><\/figure>\n<\/figure>\n\n\n\n<h3 class=\"wp-block-heading has-text-align-center\">BLINDAJE <\/h3>\n\n\n\n<p class=\"has-text-align-center has-medium-font-size\">Transformamos autos normales en verdaderas m\u00e1quinas acorazadas.<\/p>\n\n\n\n<p class=\"has-text-align-center\">Brindamos diversos niveles de seguridad de acuerdo a las necesidades del cliente.<\/p>\n<\/div>\n\n\n\n<div class=\"wp-block-column is-layout-flow wp-block-column-is-layout-flow\">\n<figure class=\"wp-block-image size-full\" style=\"margin-bottom:24px\"><img loading=\"lazy\" decoding=\"async\" width=\"1600\" height=\"1200\" src=\"https:\/\/asbmx.com\/wp-content\/uploads\/2025\/12\/RT_V_be12df13573741ccabbfe93bb784361a.webp\" alt=\"\" class=\"wp-image-77\" style=\"aspect-ratio:4\/3;object-fit:cover\" srcset=\"https:\/\/asbmx.com\/wp-content\/uploads\/2025\/12\/RT_V_be12df13573741ccabbfe93bb784361a.webp 1600w, https:\/\/asbmx.com\/wp-content\/uploads\/2025\/12\/RT_V_be12df13573741ccabbfe93bb784361a-300x225.webp 300w, https:\/\/asbmx.com\/wp-content\/uploads\/2025\/12\/RT_V_be12df13573741ccabbfe93bb784361a-1024x768.webp 1024w, https:\/\/asbmx.com\/wp-content\/uploads\/2025\/12\/RT_V_be12df13573741ccabbfe93bb784361a-768x576.webp 768w, https:\/\/asbmx.com\/wp-content\/uploads\/2025\/12\/RT_V_be12df13573741ccabbfe93bb784361a-1536x1152.webp 1536w\" sizes=\"auto, (max-width: 1600px) 100vw, 1600px\" \/><\/figure>\n\n\n\n<h3 class=\"wp-block-heading has-text-align-center\">FINANCIAMIENTO<\/h3>\n\n\n\n<p class=\"has-text-align-center has-medium-font-size\">Ofrecemos financiamiento para que nuestros clientes se mantengan seguros.<\/p>\n<\/div>\n\n\n\n<div class=\"wp-block-column is-layout-flow wp-block-column-is-layout-flow\">\n<figure class=\"wp-block-image size-full is-resized\" style=\"margin-bottom:24px\"><img loading=\"lazy\" decoding=\"async\" width=\"2133\" height=\"2133\" src=\"https:\/\/asbmx.com\/wp-content\/uploads\/2025\/12\/icono-1.jpg\" alt=\"\" class=\"wp-image-78\" style=\"aspect-ratio:1.3333333333333333;object-fit:cover;width:327px;height:auto\" srcset=\"https:\/\/asbmx.com\/wp-content\/uploads\/2025\/12\/icono-1.jpg 2133w, https:\/\/asbmx.com\/wp-content\/uploads\/2025\/12\/icono-1-300x300.jpg 300w, https:\/\/asbmx.com\/wp-content\/uploads\/2025\/12\/icono-1-1024x1024.jpg 1024w, https:\/\/asbmx.com\/wp-content\/uploads\/2025\/12\/icono-1-150x150.jpg 150w, https:\/\/asbmx.com\/wp-content\/uploads\/2025\/12\/icono-1-768x768.jpg 768w, https:\/\/asbmx.com\/wp-content\/uploads\/2025\/12\/icono-1-1536x1536.jpg 1536w, https:\/\/asbmx.com\/wp-content\/uploads\/2025\/12\/icono-1-2048x2048.jpg 2048w\" sizes=\"auto, (max-width: 2133px) 100vw, 2133px\" \/><\/figure>\n\n\n\n<h3 class=\"wp-block-heading has-text-align-center\">ARMOR SERVICE<\/h3>\n\n\n\n<p class=\"has-text-align-center has-medium-font-size\">Mantenemos comunicaci\u00f3n con nuestros operadores para brindarles servicio t\u00e9cnico en las carreteras del pa\u00eds.<\/p>\n<\/div>\n<\/div>\n<\/div>\n\n\n\n<div class=\"wp-block-group alignfull is-layout-constrained wp-block-group-is-layout-constrained\" style=\"margin-top:0;margin-bottom:0;padding-top:var(--wp--preset--spacing--60);padding-bottom:var(--wp--preset--spacing--60)\">\n<div class=\"wp-block-columns alignwide is-layout-flex wp-container-core-columns-is-layout-74b2cda3 wp-block-columns-is-layout-flex\">\n<div class=\"wp-block-column is-layout-flow wp-block-column-is-layout-flow\">\n<div class=\"wp-block-group is-vertical is-content-justification-left is-layout-flex wp-container-core-group-is-layout-7ce391b6 wp-block-group-is-layout-flex\" style=\"min-height:100%\">\n<h5 class=\"wp-block-heading has-text-align-right is-style-text-annotation has-x-small-font-size\">SWIFT ARMOR LOGISTIC<br><br><br><br><br><br>    Contamos con una flota de tracto camiones 5a Rueda para trasladar todo tipo de carga en general.<br><br>    Cajas secas de 53 y 48 pies.<br><br>    Autotanques con capacidad de 33,000 Lts. 47,000 Lts.<br><br>    Dolly para hacer tu carga FULL.<br><br>    GPS, Monitoreo 24\/7.<br><br>    Capacitaci\u00f3n de operadores.<br><\/h5>\n<\/div>\n<\/div>\n\n\n\n<div class=\"wp-block-column is-layout-flow wp-block-column-is-layout-flow\" style=\"padding-top:0;padding-right:0;padding-bottom:0;padding-left:0\">\n<figure class=\"wp-block-gallery has-nested-images columns-default is-cropped wp-block-gallery-4 is-layout-flex wp-block-gallery-is-layout-flex\">\n<figure class=\"wp-block-image size-large\"><img decoding=\"async\" data-id=\"68\" src=\"https:\/\/asbmx.com\/wp-content\/uploads\/2025\/11\/portada1-1024x512.jpg\" alt=\"\" class=\"wp-image-68\" style=\"aspect-ratio:1;object-fit:cover\"\/><\/figure>\n<\/figure>\n<\/div>\n<\/div>\n<\/div>\n\n\n\n<aside class=\"wp-block-group alignfull is-style-section-3 is-layout-constrained wp-container-core-group-is-layout-f0f2a97b wp-block-group-is-layout-constrained\" style=\"margin-top:0;margin-bottom:0;padding-top:var(--wp--preset--spacing--50);padding-right:var(--wp--preset--spacing--50);padding-bottom:var(--wp--preset--spacing--50);padding-left:var(--wp--preset--spacing--50)\">\n<div class=\"wp-block-group is-vertical is-content-justification-center is-layout-flex wp-container-core-group-is-layout-8778ca4a wp-block-group-is-layout-flex\" style=\"min-height:360px;margin-top:0;margin-bottom:0\">\n<h2 class=\"wp-block-heading has-text-align-center has-xx-large-font-size\">Contactenos<\/h2>\n\n\n\n<p class=\"has-text-align-center is-style-text-subtitle\">Acceda a los productos y servicios.<\/p>\n\n\n\n<div style=\"height:0px\" aria-hidden=\"true\" class=\"wp-block-spacer wp-container-content-62aae154\"><\/div>\n\n\n\n<div class=\"wp-block-buttons is-content-justification-center is-layout-flex wp-container-core-buttons-is-layout-a89b3969 wp-block-buttons-is-layout-flex\">\n<div class=\"wp-block-button\"><a class=\"wp-block-button__link has-text-align-center wp-element-button\">email<\/a><\/div>\n<\/div>\n<\/div>\n<\/aside>\n","protected":false},"excerpt":{"rendered":"<p>Es un grupo Automotriz Mexicano, especializado en el mercado de blindaje de Autom\u00f3viles, con una [&hellip;]<\/p>\n","protected":false},"author":1,"featured_media":0,"parent":0,"menu_order":0,"comment_status":"closed","ping_status":"closed","template":"","meta":{"footnotes":""},"class_list":["post-6","page","type-page","status-publish","hentry"],"_links":{"self":[{"href":"https:\/\/asbmx.com\/index.php?rest_route=\/wp\/v2\/pages\/6","targetHints":{"allow":["GET"]}}],"collection":[{"href":"https:\/\/asbmx.com\/index.php?rest_route=\/wp\/v2\/pages"}],"about":[{"href":"https:\/\/asbmx.com\/index.php?rest_route=\/wp\/v2\/types\/page"}],"author":[{"embeddable":true,"href":"https:\/\/asbmx.com\/index.php?rest_route=\/wp\/v2\/users\/1"}],"replies":[{"embeddable":true,"href":"https:\/\/asbmx.com\/index.php?rest_route=%2Fwp%2Fv2%2Fcomments&post=6"}],"version-history":[{"count":26,"href":"https:\/\/asbmx.com\/index.php?rest_route=\/wp\/v2\/pages\/6\/revisions"}],"predecessor-version":[{"id":142,"href":"https:\/\/asbmx.com\/index.php?rest_route=\/wp\/v2\/pages\/6\/revisions\/142"}],"wp:attachment":[{"href":"https:\/\/asbmx.com\/index.php?rest_route=%2Fwp%2Fv2%2Fmedia&parent=6"}],"curies":[{"name":"wp","href":"https:\/\/api.w.org\/{rel}","templated":true}]}}